{"id":701,"date":"2021-03-02T12:39:59","date_gmt":"2021-03-02T09:39:59","guid":{"rendered":"http:\/\/www.kalibreboru.com\/en\/?page_id=701"},"modified":"2021-03-31T13:07:11","modified_gmt":"2021-03-31T10:07:11","slug":"business-ethics","status":"publish","type":"page","link":"http:\/\/www.kalibreboru.com\/en\/business-ethics\/","title":{"rendered":"Business Ethics"},"content":{"rendered":"<p><span class=\"VIiyi\" lang=\"en\"><span class=\"JLqJ4b ChMk0b\" data-language-for-alternatives=\"en\" data-language-to-translate-into=\"tr\" data-phrase-index=\"0\">As Kalibre Boru, we act with the mission and awareness of the importance of compliance with ethical values and principles in our relations with our employees, customers, suppliers and all our stakeholders while offering our products and services.<\/span> <span class=\"JLqJ4b ChMk0b\" data-language-for-alternatives=\"en\" data-language-to-translate-into=\"tr\" data-phrase-index=\"1\">The business ethics rules that Kalibre Boru employees must comply with have been determined by the Kalibre Holding Ethics Committee.<\/span> <span class=\"JLqJ4b ChMk0b\" data-language-for-alternatives=\"en\" data-language-to-translate-into=\"tr\" data-phrase-index=\"2\">You can use the following e-mails and addresses for the Ethics Committee, complaints, questions and thoughts on ethical issues regarding violation of ethical rules.<\/span> <span class=\"JLqJ4b ChMk0b\" data-language-for-alternatives=\"en\" data-language-to-translate-into=\"tr\" data-phrase-index=\"3\">The identities of the persons reporting will be kept confidential.<\/span><\/span><\/p>\n<p><b>Kalibre Holding<\/b><br \/>\nAtat\u00fcrk Mah. Ata\u015fehir Bulvar\u0131 Metropol \u0130stanbul C Blok Kat:22<br \/>\nAta\u015fehir \/ \u0130stanbul \/ T\u00dcRK\u0130YE<br \/>\nT: +90 216 290 23 16<\/p>\n<p><a href=\"mailto:etik@kalibreboru.com\">etik@kalibreboru.com<\/a><\/p>\n","protected":false},"excerpt":{"rendered":"<p>As Kalibre Boru, we act with the mission and awareness of the importance of compliance with ethical values and principles in our relations with our employees, customers, suppliers and all our stakeholders while offering our products and services. The business ethics rules that Kalibre Boru employees must comply with have been determined by the Kalibre [&hellip;]<\/p>\n","protected":false},"author":2,"featured_media":989,"parent":0,"menu_order":0,"comment_status":"closed","ping_status":"closed","template":"the_page.php","meta":[],"acf":[],"yoast_head":"<!-- This site is optimized with the Yoast SEO plugin v20.3 - https:\/\/yoast.com\/wordpress\/plugins\/seo\/ -->\n<title>Precision Pipe Production. High Quality, Professional Service-Kalibre Boru<\/title>\n<meta name=\"description\" content=\"Accepted position in the precise pipe manufacturing sector in the world. 40 years of experience.\" \/>\n<meta name=\"robots\" content=\"index, follow, max-snippet:-1, max-image-preview:large, max-video-preview:-1\" \/>\n<link rel=\"canonical\" href=\"http:\/\/www.kalibreboru.com\/en\/business-ethics\/\" \/>\n<meta property=\"og:locale\" content=\"en_US\" \/>\n<meta property=\"og:type\" content=\"article\" \/>\n<meta property=\"og:title\" content=\"Precision Pipe Production. High Quality, Professional Service-Kalibre Boru\" \/>\n<meta property=\"og:description\" content=\"Accepted position in the precise pipe manufacturing sector in the world. 40 years of experience.\" \/>\n<meta property=\"og:url\" content=\"http:\/\/www.kalibreboru.com\/en\/business-ethics\/\" \/>\n<meta property=\"og:site_name\" content=\"Kalibre Boru\" \/>\n<meta property=\"article:modified_time\" content=\"2021-03-31T10:07:11+00:00\" \/>\n<meta property=\"og:image\" content=\"http:\/\/www.kalibreboru.com\/en\/wp-content\/uploads\/2021\/03\/yeni-kurumsal-kalibre-boru.jpg\" \/>\n\t<meta property=\"og:image:width\" content=\"1351\" \/>\n\t<meta property=\"og:image:height\" content=\"240\" \/>\n\t<meta property=\"og:image:type\" content=\"image\/jpeg\" \/>\n<meta name=\"twitter:card\" content=\"summary_large_image\" \/>\n<meta name=\"twitter:label1\" content=\"Est. reading time\" \/>\n\t<meta name=\"twitter:data1\" content=\"1 minute\" \/>\n<script type=\"application\/ld+json\" class=\"yoast-schema-graph\">{\"@context\":\"https:\/\/schema.org\",\"@graph\":[{\"@type\":\"WebPage\",\"@id\":\"http:\/\/www.kalibreboru.com\/en\/business-ethics\/\",\"url\":\"http:\/\/www.kalibreboru.com\/en\/business-ethics\/\",\"name\":\"Precision Pipe Production. High Quality, Professional Service-Kalibre Boru\",\"isPartOf\":{\"@id\":\"https:\/\/www.kalibreboru.com\/en\/#website\"},\"datePublished\":\"2021-03-02T09:39:59+00:00\",\"dateModified\":\"2021-03-31T10:07:11+00:00\",\"description\":\"Accepted position in the precise pipe manufacturing sector in the world. 40 years of experience.\",\"breadcrumb\":{\"@id\":\"http:\/\/www.kalibreboru.com\/en\/business-ethics\/#breadcrumb\"},\"inLanguage\":\"en-US\",\"potentialAction\":[{\"@type\":\"ReadAction\",\"target\":[\"http:\/\/www.kalibreboru.com\/en\/business-ethics\/\"]}]},{\"@type\":\"BreadcrumbList\",\"@id\":\"http:\/\/www.kalibreboru.com\/en\/business-ethics\/#breadcrumb\",\"itemListElement\":[{\"@type\":\"ListItem\",\"position\":1,\"name\":\"Home\",\"item\":\"https:\/\/www.kalibreboru.com\/en\/\"},{\"@type\":\"ListItem\",\"position\":2,\"name\":\"Business Ethics\"}]},{\"@type\":\"WebSite\",\"@id\":\"https:\/\/www.kalibreboru.com\/en\/#website\",\"url\":\"https:\/\/www.kalibreboru.com\/en\/\",\"name\":\"Kalibre Boru\",\"description\":\"\",\"publisher\":{\"@id\":\"https:\/\/www.kalibreboru.com\/en\/#organization\"},\"potentialAction\":[{\"@type\":\"SearchAction\",\"target\":{\"@type\":\"EntryPoint\",\"urlTemplate\":\"https:\/\/www.kalibreboru.com\/en\/?s={search_term_string}\"},\"query-input\":\"required name=search_term_string\"}],\"inLanguage\":\"en-US\"},{\"@type\":\"Organization\",\"@id\":\"https:\/\/www.kalibreboru.com\/en\/#organization\",\"name\":\"Kalibre Boru\",\"url\":\"https:\/\/www.kalibreboru.com\/en\/\",\"logo\":{\"@type\":\"ImageObject\",\"inLanguage\":\"en-US\",\"@id\":\"https:\/\/www.kalibreboru.com\/en\/#\/schema\/logo\/image\/\",\"url\":\"http:\/\/www.kalibreboru.com\/en\/wp-content\/uploads\/2021\/03\/kalibre-boru.png\",\"contentUrl\":\"http:\/\/www.kalibreboru.com\/en\/wp-content\/uploads\/2021\/03\/kalibre-boru.png\",\"width\":256,\"height\":100,\"caption\":\"Kalibre Boru\"},\"image\":{\"@id\":\"https:\/\/www.kalibreboru.com\/en\/#\/schema\/logo\/image\/\"}}]}<\/script>\n<!-- \/ Yoast SEO plugin. -->","yoast_head_json":{"title":"Precision Pipe Production. High Quality, Professional Service-Kalibre Boru","description":"Accepted position in the precise pipe manufacturing sector in the world. 40 years of experience.","robots":{"index":"index","follow":"follow","max-snippet":"max-snippet:-1","max-image-preview":"max-image-preview:large","max-video-preview":"max-video-preview:-1"},"canonical":"http:\/\/www.kalibreboru.com\/en\/business-ethics\/","og_locale":"en_US","og_type":"article","og_title":"Precision Pipe Production. High Quality, Professional Service-Kalibre Boru","og_description":"Accepted position in the precise pipe manufacturing sector in the world. 40 years of experience.","og_url":"http:\/\/www.kalibreboru.com\/en\/business-ethics\/","og_site_name":"Kalibre Boru","article_modified_time":"2021-03-31T10:07:11+00:00","og_image":[{"width":1351,"height":240,"url":"http:\/\/www.kalibreboru.com\/en\/wp-content\/uploads\/2021\/03\/yeni-kurumsal-kalibre-boru.jpg","type":"image\/jpeg"}],"twitter_card":"summary_large_image","twitter_misc":{"Est. reading time":"1 minute"},"schema":{"@context":"https:\/\/schema.org","@graph":[{"@type":"WebPage","@id":"http:\/\/www.kalibreboru.com\/en\/business-ethics\/","url":"http:\/\/www.kalibreboru.com\/en\/business-ethics\/","name":"Precision Pipe Production. High Quality, Professional Service-Kalibre Boru","isPartOf":{"@id":"https:\/\/www.kalibreboru.com\/en\/#website"},"datePublished":"2021-03-02T09:39:59+00:00","dateModified":"2021-03-31T10:07:11+00:00","description":"Accepted position in the precise pipe manufacturing sector in the world. 40 years of experience.","breadcrumb":{"@id":"http:\/\/www.kalibreboru.com\/en\/business-ethics\/#breadcrumb"},"inLanguage":"en-US","potentialAction":[{"@type":"ReadAction","target":["http:\/\/www.kalibreboru.com\/en\/business-ethics\/"]}]},{"@type":"BreadcrumbList","@id":"http:\/\/www.kalibreboru.com\/en\/business-ethics\/#breadcrumb","itemListElement":[{"@type":"ListItem","position":1,"name":"Home","item":"https:\/\/www.kalibreboru.com\/en\/"},{"@type":"ListItem","position":2,"name":"Business Ethics"}]},{"@type":"WebSite","@id":"https:\/\/www.kalibreboru.com\/en\/#website","url":"https:\/\/www.kalibreboru.com\/en\/","name":"Kalibre Boru","description":"","publisher":{"@id":"https:\/\/www.kalibreboru.com\/en\/#organization"},"potentialAction":[{"@type":"SearchAction","target":{"@type":"EntryPoint","urlTemplate":"https:\/\/www.kalibreboru.com\/en\/?s={search_term_string}"},"query-input":"required name=search_term_string"}],"inLanguage":"en-US"},{"@type":"Organization","@id":"https:\/\/www.kalibreboru.com\/en\/#organization","name":"Kalibre Boru","url":"https:\/\/www.kalibreboru.com\/en\/","logo":{"@type":"ImageObject","inLanguage":"en-US","@id":"https:\/\/www.kalibreboru.com\/en\/#\/schema\/logo\/image\/","url":"http:\/\/www.kalibreboru.com\/en\/wp-content\/uploads\/2021\/03\/kalibre-boru.png","contentUrl":"http:\/\/www.kalibreboru.com\/en\/wp-content\/uploads\/2021\/03\/kalibre-boru.png","width":256,"height":100,"caption":"Kalibre Boru"},"image":{"@id":"https:\/\/www.kalibreboru.com\/en\/#\/schema\/logo\/image\/"}}]}},"_links":{"self":[{"href":"http:\/\/www.kalibreboru.com\/en\/wp-json\/wp\/v2\/pages\/701"}],"collection":[{"href":"http:\/\/www.kalibreboru.com\/en\/wp-json\/wp\/v2\/pages"}],"about":[{"href":"http:\/\/www.kalibreboru.com\/en\/wp-json\/wp\/v2\/types\/page"}],"author":[{"embeddable":true,"href":"http:\/\/www.kalibreboru.com\/en\/wp-json\/wp\/v2\/users\/2"}],"replies":[{"embeddable":true,"href":"http:\/\/www.kalibreboru.com\/en\/wp-json\/wp\/v2\/comments?post=701"}],"version-history":[{"count":3,"href":"http:\/\/www.kalibreboru.com\/en\/wp-json\/wp\/v2\/pages\/701\/revisions"}],"predecessor-version":[{"id":1020,"href":"http:\/\/www.kalibreboru.com\/en\/wp-json\/wp\/v2\/pages\/701\/revisions\/1020"}],"wp:featuredmedia":[{"embeddable":true,"href":"http:\/\/www.kalibreboru.com\/en\/wp-json\/wp\/v2\/media\/989"}],"wp:attachment":[{"href":"http:\/\/www.kalibreboru.com\/en\/wp-json\/wp\/v2\/media?parent=701"}],"curies":[{"name":"wp","href":"https:\/\/api.w.org\/{rel}","templated":true}]}}